{"id":64,"date":"2023-07-31T10:32:01","date_gmt":"2023-07-31T10:32:01","guid":{"rendered":"https:\/\/www.profinservices.nl\/?page_id=64"},"modified":"2023-08-30T08:12:56","modified_gmt":"2023-08-30T08:12:56","slug":"over-ons","status":"publish","type":"page","link":"https:\/\/www.profinservices.nl\/en\/over-ons\/","title":{"rendered":"About us"},"content":{"rendered":"<section class=\"l-section wpb_row us_custom_7d5e63d2 height_medium\"><div class=\"l-section-h i-cf\"><div class=\"g-cols vc_row via_flex valign_middle type_default stacking_default\"><div class=\"vc_col-sm-12 wpb_column vc_column_container\"><div class=\"vc_column-inner us_custom_31963582\"><div class=\"wpb_wrapper\"><h1 class=\"w-text us_custom_5ff70836\"><span class=\"w-text-h\"><span class=\"w-text-value\">Over ons<\/span><\/span><\/h1><div class=\"wpb_text_column\"><div class=\"wpb_wrapper\"><h2 style=\"text-align: center;\">De kracht van kennis en ervaring<\/h2>\n<\/div><\/div><div class=\"wpb_text_column\"><div class=\"wpb_wrapper\"><p style=\"text-align: center;\">Profin Services is trots op zijn team van deskundige en ervaren professionals die een schat aan kennis inbrengen. Deze professionals combineren diepgaande branche-expertise met een sterke achtergrond in finance en ondernemerschap en beschikken over unieke vaardigheden die hen in staat stellen de uitdagingen te begrijpen waarmee bedrijven in verschillende sectoren worden geconfronteerd.<\/p>\n<\/div><\/div><\/div><\/div><\/div><\/div><\/div><\/section><section class=\"l-section wpb_row height_medium\"><div class=\"l-section-h i-cf\"><div class=\"g-cols vc_row via_flex valign_top type_default stacking_default\"><div class=\"vc_col-sm-6 wpb_column vc_column_container\"><div class=\"vc_column-inner\"><div class=\"wpb_wrapper\"><div class=\"w-image us_custom_5e8a7298 align_none\"><div class=\"w-image-h\"><img decoding=\"async\" width=\"974\" height=\"1200\" src=\"https:\/\/www.profinservices.nl\/wp-content\/uploads\/2023\/07\/Profin_CFOonDemoand.jpg\" class=\"attachment-full size-full\" alt=\"\" loading=\"lazy\" srcset=\"https:\/\/www.profinservices.nl\/wp-content\/uploads\/2023\/07\/Profin_CFOonDemoand.jpg 974w, https:\/\/www.profinservices.nl\/wp-content\/uploads\/2023\/07\/Profin_CFOonDemoand-244x300.jpg 244w, https:\/\/www.profinservices.nl\/wp-content\/uploads\/2023\/07\/Profin_CFOonDemoand-831x1024.jpg 831w\" sizes=\"auto, (max-width: 974px) 100vw, 974px\" \/><\/div><\/div><\/div><\/div><\/div><div class=\"vc_col-sm-6 wpb_column vc_column_container\"><div class=\"vc_column-inner\"><div class=\"wpb_wrapper\"><div class=\"w-separator size_medium\"><\/div><div class=\"wpb_text_column\"><div class=\"wpb_wrapper\"><p>Deze diverse kennisbasis stelt Profin Services in staat om klanten te helpen met het vormen van de juiste strategie. En op maat gemaakte oplossingen die inspelen op de specifieke eisen en kansen van haar klanten. Zo helpen we bijvoorbeeld klanten om hun aanwezige financi\u00eble- en bedrijfsdata te ontsluiten. En ondersteunen we bij het slim gebruik maken van deze data. Daarbij speelt de digitale transformatie die onze klanten soms door moeten maken een belangrijke rol. We adviseren onze klanten dan ook niet alleen op digital transformation maar bieden ze ook hulp bij het daadwerkelijk implementeren ervan. Bridging business and IT noemen we dat.<\/p>\n<p>Door gebruik te maken van hun gezamenlijke ervaring, bieden deze experts waardevolle inzichten, bewezen strategie\u00ebn en praktische begeleiding die resultaten in de echte wereld stimuleren.<\/p>\n<\/div><\/div><div class=\"w-btn-wrapper align_none\"><a class=\"w-btn us-btn-style_1\" title=\"Contact\" href=\"\/diensten\/\"><span class=\"w-btn-label\">Diensten<\/span><\/a><\/div><\/div><\/div><\/div><\/div><\/div><\/section><section class=\"l-section wpb_row height_medium\"><div class=\"l-section-h i-cf\"><div class=\"g-cols vc_row via_flex valign_top type_default stacking_default\"><div class=\"vc_col-sm-6 wpb_column vc_column_container\"><div class=\"vc_column-inner\"><div class=\"wpb_wrapper\"><div class=\"wpb_text_column\"><div class=\"wpb_wrapper\"><p><strong>Bridging finance and business<\/strong><br \/>\nEen succesvol bedrijf vereist de naadloze integratie van financi\u00eble strategie\u00ebn met de operationele realiteit. Veel bedrijven worstelen vaak met het vertalen van financi\u00eble informatie naar een bruikbare aanpak. Dat kan zich uiten in het simpelweg ontbreken van menskracht op de juiste plek. Of in het ontbreken van een goede gids, die op basis van het juiste inzicht en de juiste informatie overzicht biedt en ervoor zorgt dat u de juiste dingen doet. Dit is waar Profin Services in uitblinkt. Door zowel de nuances van financi\u00ebn als de fijne kneepjes van het ondernemerschap en de bedrijfsvoering te beheersen, overbruggen wij de kloof tussen deze domeinen. Deze integratie stelt ons in staat u holistische oplossingen te bieden die financi\u00eble doelen afstemmen op strategische doelstellingen en de toewijzing van middelen optimaliseren, wat uiteindelijk leidt tot verbeterde operationele effici\u00ebntie, verbeterde winstgevendheid en duurzame groei.<\/p>\n<\/div><\/div><\/div><\/div><\/div><div class=\"vc_col-sm-6 wpb_column vc_column_container\"><div class=\"vc_column-inner\"><div class=\"wpb_wrapper\"><div class=\"wpb_text_column\"><div class=\"wpb_wrapper\"><p><strong>Pragmatisch<\/strong><br \/>\nIn tegenstelling tot traditionele adviesbureaus die vaak met name theoretisch advies geven, legt Profin services de nadruk op de daadwerkelijke implementatie van onze aanbevelingen. Succes ligt namelijk in de uitvoering. En daarom concentreren we ons op praktische oplossingen die onmiddellijk kunnen worden toegepast om tastbare resultaten te bereiken. Door strategisch denken te combineren met een hands-on mentaliteit, werken we nauw samen met onze klanten om actieplannen op maat te ontwikkelen en toezicht te houden op de uitvoering ervan. Deze pragmatische aanpak zorgt ervoor dat klanten niet alleen advies krijgen, maar ook uitgebreide ondersteuning gedurende het hele uitvoeringsproces, wat resulteert in effectieve oplossingen die direct van invloed zijn.<\/p>\n<\/div><\/div><\/div><\/div><\/div><\/div><\/div><\/section><section class=\"l-section wpb_row us_custom_53280aa0 height_medium\"><div class=\"l-section-h i-cf\"><div class=\"g-cols vc_row via_flex valign_top type_default reversed stacking_default\"><div class=\"vc_col-sm-6 wpb_column vc_column_container\"><div class=\"vc_column-inner\"><div class=\"wpb_wrapper\"><div class=\"wpb_text_column\"><div class=\"wpb_wrapper\"><p><strong>Leadership on demand<\/strong><br \/>\nSoms heeft u behoefte aan tijdelijke ondersteuning van hoge kwaliteit. Ondersteuning op topniveau. Maar niet de wens of mogelijkheid om een vaste rol in te vullen. Uw bedrijf is daarvoor bijvoorbeeld nog net niet van de juiste omvang. Of u kampt met een tijdelijk project dat om opschakelen vraagt. De professionals van Profin Services bieden u C-level capaciteit aan op financieel, operationeel, strategisch of algemeen vlak. Of vullen uw projectrollen in met ervaren consultants. Wij gaan het partnerschap met onze klanten aan. Vanuit de bredere strategische doelstellingen, staan we voor een samenhangende aanpak die succes op lange termijn ondersteunt. Of het nu gaat om het ontwikkelen van uw strategie, beleid op specifieke onderwerpen, het optimaliseren van kapitaalstructuur, investeringstrajecten of het digitaliseren en optimaliseren van uw stuurinformatie. Wij werken nauw samen met onze klanten om op maat gemaakte oplossingen te cre\u00ebren en uit te voeren die groei, winstgevendheid en duurzame waarde creatie stimuleren.<\/p>\n<p><strong>Profin Services<\/strong><br \/>\nIn het huidige zakelijke landschap is de rol van een financieel consultancybureau uitgegroeid tot meer dan louter papieren advies. Profin Services slaat de brug tussen financi\u00ebn en zaken, combineert de expertise van ervaren ondernemers en financi\u00eble professionals om pragmatische oplossingen aan te bieden. Door niet alleen te adviseren, maar deze adviezen ook voor onze klanten te implementeren maken we het verschil. We zorgen voor tastbare resultaten en bevorderen succes op de lange termijn. In een wereld waar uitvoering voorop staat, zorgt deze aanpak ervoor dat ons advies zich vertaalt in meetbare waarde voor organisaties die op zoek zijn naar succes en groei.<\/p>\n<\/div><\/div><\/div><\/div><\/div><div class=\"vc_col-sm-6 wpb_column vc_column_container\"><div class=\"vc_column-inner\"><div class=\"wpb_wrapper\"><div class=\"w-image us_custom_5e8a7298 align_none\"><div class=\"w-image-h\"><img decoding=\"async\" width=\"950\" height=\"1200\" src=\"https:\/\/www.profinservices.nl\/wp-content\/uploads\/2023\/08\/Profin_OverOns_950x1200px.jpg\" class=\"attachment-full size-full\" alt=\"\" loading=\"lazy\" srcset=\"https:\/\/www.profinservices.nl\/wp-content\/uploads\/2023\/08\/Profin_OverOns_950x1200px.jpg 950w, https:\/\/www.profinservices.nl\/wp-content\/uploads\/2023\/08\/Profin_OverOns_950x1200px-238x300.jpg 238w, https:\/\/www.profinservices.nl\/wp-content\/uploads\/2023\/08\/Profin_OverOns_950x1200px-811x1024.jpg 811w\" sizes=\"auto, (max-width: 950px) 100vw, 950px\" \/><\/div><\/div><\/div><\/div><\/div><\/div><\/div><\/section><section class=\"l-section wpb_row height_auto width_full\"><div class=\"l-section-h i-cf\"><div class=\"g-cols vc_row via_flex valign_top type_default stacking_default\"><div class=\"vc_col-sm-12 wpb_column vc_column_container\"><div class=\"vc_column-inner\"><div class=\"wpb_wrapper\"><section class=\"l-section wpb_row height_huge\"><div class=\"l-section-overlay\" style=\"background:#f6f6f6\"><\/div><div class=\"l-section-h i-cf\"><div class=\"g-cols vc_row via_flex valign_top type_default stacking_default\"><div class=\"vc_col-sm-6 wpb_column vc_column_container\"><div class=\"vc_column-inner\"><div class=\"wpb_wrapper\"><div class=\"wpb_text_column us_custom_492179a4\"><div class=\"wpb_wrapper\"><p>Contact<\/p>\n<\/div><\/div><div class=\"wpb_text_column\"><div class=\"wpb_wrapper\"><h2>Let\u2019s talk<\/h2>\n<\/div><\/div><div class=\"wpb_text_column\"><div class=\"wpb_wrapper\"><p>Blijf uw concurrentie vooruit. Neem contact met ons op voor innovatieve oplossingen en toonaangevende inzichten.<\/p>\n<\/div><\/div><div class=\"w-separator size_small\"><\/div><div class=\"w-iconbox iconpos_left style_default color_custom align_left no_title\"><div class=\"w-iconbox-icon\" style=\"font-size:2rem;--icon-color:#c99e67;--icon-bg-color:#c99e67;\"><i class=\"fas fa-map-marker\"><\/i><\/div><div class=\"w-iconbox-meta\"><div class=\"w-iconbox-text\"><p><strong>Profin Solutions<\/strong><br \/>\nBosschebaan 68A, 5384 VZ Heesch<\/p>\n<\/div><\/div><\/div><div class=\"w-separator size_small\"><\/div><div class=\"w-iconbox us_custom_ea76afbe iconpos_left style_default color_custom align_left no_title\"><div class=\"w-iconbox-icon\" style=\"font-size:2rem;--icon-color:#c99e67;--icon-bg-color:#c99e67;\"><i class=\"fas fa-phone\"><\/i><\/div><div class=\"w-iconbox-meta\"><div class=\"w-iconbox-text\"><h5>\u00a0+31 (0)73 &#8211; 82 20 862<\/h5>\n<\/div><\/div><\/div><div class=\"w-separator size_small\"><\/div><div class=\"w-iconbox us_custom_ea76afbe iconpos_left style_default color_custom align_left no_title\"><div class=\"w-iconbox-icon\" style=\"font-size:2rem;--icon-color:#c99e67;--icon-bg-color:#c99e67;\"><i class=\"fas fa-envelope\"><\/i><\/div><div class=\"w-iconbox-meta\"><div class=\"w-iconbox-text\"><h5>info@profinservices.nl<\/h5>\n<\/div><\/div><\/div><div class=\"w-separator size_medium\"><\/div><\/div><\/div><\/div><div class=\"vc_col-sm-6 wpb_column vc_column_container\"><div class=\"vc_column-inner us_custom_dc6874f1\"><div class=\"vc_column-overlay\" style=\"background:#ffffff\"><\/div><div class=\"wpb_wrapper\"><script>\nvar gform;gform||(document.addEventListener(\"gform_main_scripts_loaded\",function(){gform.scriptsLoaded=!0}),document.addEventListener(\"gform\/theme\/scripts_loaded\",function(){gform.themeScriptsLoaded=!0}),window.addEventListener(\"DOMContentLoaded\",function(){gform.domLoaded=!0}),gform={domLoaded:!1,scriptsLoaded:!1,themeScriptsLoaded:!1,isFormEditor:()=>\"function\"==typeof InitializeEditor,callIfLoaded:function(o){return!(!gform.domLoaded||!gform.scriptsLoaded||!gform.themeScriptsLoaded&&!gform.isFormEditor()||(gform.isFormEditor()&&console.warn(\"The use of gform.initializeOnLoaded() is deprecated in the form editor context and will be removed in Gravity Forms 3.1.\"),o(),0))},initializeOnLoaded:function(o){gform.callIfLoaded(o)||(document.addEventListener(\"gform_main_scripts_loaded\",()=>{gform.scriptsLoaded=!0,gform.callIfLoaded(o)}),document.addEventListener(\"gform\/theme\/scripts_loaded\",()=>{gform.themeScriptsLoaded=!0,gform.callIfLoaded(o)}),window.addEventListener(\"DOMContentLoaded\",()=>{gform.domLoaded=!0,gform.callIfLoaded(o)}))},hooks:{action:{},filter:{}},addAction:function(o,r,e,t){gform.addHook(\"action\",o,r,e,t)},addFilter:function(o,r,e,t){gform.addHook(\"filter\",o,r,e,t)},doAction:function(o){gform.doHook(\"action\",o,arguments)},applyFilters:function(o){return gform.doHook(\"filter\",o,arguments)},removeAction:function(o,r){gform.removeHook(\"action\",o,r)},removeFilter:function(o,r,e){gform.removeHook(\"filter\",o,r,e)},addHook:function(o,r,e,t,n){null==gform.hooks[o][r]&&(gform.hooks[o][r]=[]);var d=gform.hooks[o][r];null==n&&(n=r+\"_\"+d.length),gform.hooks[o][r].push({tag:n,callable:e,priority:t=null==t?10:t})},doHook:function(r,o,e){var t;if(e=Array.prototype.slice.call(e,1),null!=gform.hooks[r][o]&&((o=gform.hooks[r][o]).sort(function(o,r){return o.priority-r.priority}),o.forEach(function(o){\"function\"!=typeof(t=o.callable)&&(t=window[t]),\"action\"==r?t.apply(null,e):e[0]=t.apply(null,e)})),\"filter\"==r)return e[0]},removeHook:function(o,r,t,n){var e;null!=gform.hooks[o][r]&&(e=(e=gform.hooks[o][r]).filter(function(o,r,e){return!!(null!=n&&n!=o.tag||null!=t&&t!=o.priority)}),gform.hooks[o][r]=e)}});\n<\/script>\n\n                <div class='gf_browser_gecko gform_wrapper gravity-theme gform-theme--no-framework' data-form-theme='gravity-theme' data-form-index='0' id='gform_wrapper_1' ><form method='post' enctype='multipart\/form-data'  id='gform_1'  action='\/en\/wp-json\/wp\/v2\/pages\/64' data-formid='1' novalidate>\n                        <div class='gform-body gform_body'><div id='gform_fields_1' class='gform_fields top_label form_sublabel_below description_below validation_below'><div id=\"field_1_1\" class=\"gfield gfield--type-text gfield_contains_required field_sublabel_below gfield--no-description field_description_below hidden_label field_validation_below gfield_visibility_visible\"  ><label class='gfield_label gform-field-label' for='input_1_1'>Naam<span class=\"gfield_required\"><span class=\"gfield_required gfield_required_text\">(Required)<\/span><\/span><\/label><div class='ginput_container ginput_container_text'><input name='input_1' id='input_1_1' type='text' value='' class='large'    placeholder='Uw naam' aria-required=\"true\" aria-invalid=\"false\"   \/><\/div><\/div><div id=\"field_1_3\" class=\"gfield gfield--type-phone gfield_contains_required field_sublabel_below gfield--no-description field_description_below hidden_label field_validation_below gfield_visibility_visible\"  ><label class='gfield_label gform-field-label' for='input_1_3'>Telefoonnummer<span class=\"gfield_required\"><span class=\"gfield_required gfield_required_text\">(Required)<\/span><\/span><\/label><div class='ginput_container ginput_container_phone'><input name='input_3' id='input_1_3' type='tel' value='' class='large'  placeholder='Telefoonnummer' aria-required=\"true\" aria-invalid=\"false\"   \/><\/div><\/div><div id=\"field_1_4\" class=\"gfield gfield--type-email gfield_contains_required field_sublabel_below gfield--no-description field_description_below hidden_label field_validation_below gfield_visibility_visible\"  ><label class='gfield_label gform-field-label' for='input_1_4'>E-mail<span class=\"gfield_required\"><span class=\"gfield_required gfield_required_text\">(Required)<\/span><\/span><\/label><div class='ginput_container ginput_container_email'>\n                            <input name='input_4' id='input_1_4' type='email' value='' class='large'   placeholder='E-mail' aria-required=\"true\" aria-invalid=\"false\"  \/>\n                        <\/div><\/div><div id=\"field_1_6\" class=\"gfield gfield--type-text field_sublabel_below gfield--no-description field_description_below hidden_label field_validation_below gfield_visibility_visible\"  ><label class='gfield_label gform-field-label' for='input_1_6'>Bedrijfsnaam<\/label><div class='ginput_container ginput_container_text'><input name='input_6' id='input_1_6' type='text' value='' class='large'    placeholder='Bedrijfsnaam'  aria-invalid=\"false\"   \/><\/div><\/div><div id=\"field_1_7\" class=\"gfield gfield--type-textarea gfield_contains_required field_sublabel_below gfield--no-description field_description_below hidden_label field_validation_below gfield_visibility_visible\"  ><label class='gfield_label gform-field-label' for='input_1_7'>Bericht<span class=\"gfield_required\"><span class=\"gfield_required gfield_required_text\">(Required)<\/span><\/span><\/label><div class='ginput_container ginput_container_textarea'><textarea name='input_7' id='input_1_7' class='textarea large'    placeholder='Uw bericht' aria-required=\"true\" aria-invalid=\"false\"   rows='10' cols='50'><\/textarea><\/div><\/div><\/div><\/div>\n        <div class='gform-footer gform_footer top_label'> <input type='submit' id='gform_submit_button_1' class='gform_button button' onclick='gform.submission.handleButtonClick(this);' data-submission-type='submit' value='Verzend'  \/> \n            <input type='hidden' class='gform_hidden' name='gform_submission_method' data-js='gform_submission_method_1' value='postback' \/>\n            <input type='hidden' class='gform_hidden' name='gform_theme' data-js='gform_theme_1' id='gform_theme_1' value='gravity-theme' \/>\n            <input type='hidden' class='gform_hidden' name='gform_style_settings' data-js='gform_style_settings_1' id='gform_style_settings_1' value='[]' \/>\n            <input type='hidden' class='gform_hidden' name='is_submit_1' value='1' \/>\n            <input type='hidden' class='gform_hidden' name='gform_submit' value='1' \/>\n            \n            <input type='hidden' class='gform_hidden' name='gform_currency' data-currency='EUR' value='wBJdhn3Z8aPFxvsgyT7A0P3rvH1ZhOzd5\/OxDQ1\/\/OwcR6W++RauU2WeB7Tk3Kl8O7\/8mq\/VRchNob8TKlnyK7FFLPuDgG1atlMBww7sSS1Rqrw=' \/>\n            <input type='hidden' class='gform_hidden' name='gform_unique_id' value='' \/>\n            <input type='hidden' class='gform_hidden' name='state_1' value='WyJbXSIsIjExYzk1YjNmZTFiZWU2YjFlMGU3ZjVmZjUyMWU4Y2EwIl0=' \/>\n            <input type='hidden' autocomplete='off' class='gform_hidden' name='gform_target_page_number_1' id='gform_target_page_number_1' value='0' \/>\n            <input type='hidden' autocomplete='off' class='gform_hidden' name='gform_source_page_number_1' id='gform_source_page_number_1' value='1' \/>\n            <input type='hidden' name='gform_field_values' value='' \/>\n            \n        <\/div>\n                        <\/form>\n                        <\/div><script>\ngform.initializeOnLoaded( function() {gformInitSpinner( 1, 'https:\/\/www.profinservices.nl\/wp-content\/plugins\/gravityforms\/images\/spinner.svg', true );jQuery('#gform_ajax_frame_1').on('load',function(){var contents = jQuery(this).contents().find('*').html();var is_postback = contents.indexOf('GF_AJAX_POSTBACK') >= 0;if(!is_postback){return;}var form_content = jQuery(this).contents().find('#gform_wrapper_1');var is_confirmation = jQuery(this).contents().find('#gform_confirmation_wrapper_1').length > 0;var is_redirect = contents.indexOf('gformRedirect(){') >= 0;var is_form = form_content.length > 0 && ! is_redirect && ! is_confirmation;var mt = parseInt(jQuery('html').css('margin-top'), 10) + parseInt(jQuery('body').css('margin-top'), 10) + 100;if(is_form){jQuery('#gform_wrapper_1').html(form_content.html());if(form_content.hasClass('gform_validation_error')){jQuery('#gform_wrapper_1').addClass('gform_validation_error');} else {jQuery('#gform_wrapper_1').removeClass('gform_validation_error');}setTimeout( function() { \/* delay the scroll by 50 milliseconds to fix a bug in chrome *\/  }, 50 );if(window['gformInitDatepicker']) {gformInitDatepicker();}if(window['gformInitPriceFields']) {gformInitPriceFields();}var current_page = jQuery('#gform_source_page_number_1').val();gformInitSpinner( 1, 'https:\/\/www.profinservices.nl\/wp-content\/plugins\/gravityforms\/images\/spinner.svg', true );jQuery(document).trigger('gform_page_loaded', [1, current_page]);window['gf_submitting_1'] = false;}else if(!is_redirect){var confirmation_content = jQuery(this).contents().find('.GF_AJAX_POSTBACK').html();if(!confirmation_content){confirmation_content = contents;}jQuery('#gform_wrapper_1').replaceWith(confirmation_content);jQuery(document).trigger('gform_confirmation_loaded', [1]);window['gf_submitting_1'] = false;wp.a11y.speak(jQuery('#gform_confirmation_message_1').text());}else{jQuery('#gform_1').append(contents);if(window['gformRedirect']) {gformRedirect();}}jQuery(document).trigger(\"gform_pre_post_render\", [{ formId: \"1\", currentPage: \"current_page\", abort: function() { this.preventDefault(); } }]);        if (event && event.defaultPrevented) {                return;        }        const gformWrapperDiv = document.getElementById( \"gform_wrapper_1\" );        if ( gformWrapperDiv ) {            const visibilitySpan = document.createElement( \"span\" );            visibilitySpan.id = \"gform_visibility_test_1\";            gformWrapperDiv.insertAdjacentElement( \"afterend\", visibilitySpan );        }        const visibilityTestDiv = document.getElementById( \"gform_visibility_test_1\" );        let postRenderFired = false;        function triggerPostRender() {            if ( postRenderFired ) {                return;            }            postRenderFired = true;            gform.core.triggerPostRenderEvents( 1, current_page );            if ( visibilityTestDiv ) {                visibilityTestDiv.parentNode.removeChild( visibilityTestDiv );            }        }        function debounce( func, wait, immediate ) {            var timeout;            return function() {                var context = this, args = arguments;                var later = function() {                    timeout = null;                    if ( !immediate ) func.apply( context, args );                };                var callNow = immediate && !timeout;                clearTimeout( timeout );                timeout = setTimeout( later, wait );                if ( callNow ) func.apply( context, args );            };        }        const debouncedTriggerPostRender = debounce( function() {            triggerPostRender();        }, 200 );        if ( visibilityTestDiv && visibilityTestDiv.offsetParent === null ) {            const observer = new MutationObserver( ( mutations ) => {                mutations.forEach( ( mutation ) => {                    if ( mutation.type === 'attributes' && visibilityTestDiv.offsetParent !== null ) {                        debouncedTriggerPostRender();                        observer.disconnect();                    }                });            });            observer.observe( document.body, {                attributes: true,                childList: false,                subtree: true,                attributeFilter: [ 'style', 'class' ],            });        } else {            triggerPostRender();        }    } );} );\n<\/script>\n<\/div><\/div><\/div><\/div><\/div><\/section>\n<\/div><\/div><\/div><\/div><\/div><\/section>\n","protected":false},"excerpt":{"rendered":"Over onsDe kracht van kennis en ervaring Profin Services is trots op zijn team van deskundige en ervaren professionals die een schat aan kennis inbrengen. Deze professionals combineren diepgaande branche-expertise met een sterke achtergrond in finance en ondernemerschap en beschikken over unieke vaardigheden die hen in staat stellen de uitdagingen te begrijpen waarmee bedrijven in...","protected":false},"author":1,"featured_media":0,"parent":0,"menu_order":0,"comment_status":"closed","ping_status":"closed","template":"","meta":{"_seopress_robots_primary_cat":"","_seopress_titles_title":"","_seopress_titles_desc":"","_seopress_robots_index":"","footnotes":""},"class_list":["post-64","page","type-page","status-publish","hentry"],"_links":{"self":[{"href":"https:\/\/www.profinservices.nl\/en\/wp-json\/wp\/v2\/pages\/64","targetHints":{"allow":["GET"]}}],"collection":[{"href":"https:\/\/www.profinservices.nl\/en\/wp-json\/wp\/v2\/pages"}],"about":[{"href":"https:\/\/www.profinservices.nl\/en\/wp-json\/wp\/v2\/types\/page"}],"author":[{"embeddable":true,"href":"https:\/\/www.profinservices.nl\/en\/wp-json\/wp\/v2\/users\/1"}],"replies":[{"embeddable":true,"href":"https:\/\/www.profinservices.nl\/en\/wp-json\/wp\/v2\/comments?post=64"}],"version-history":[{"count":0,"href":"https:\/\/www.profinservices.nl\/en\/wp-json\/wp\/v2\/pages\/64\/revisions"}],"wp:attachment":[{"href":"https:\/\/www.profinservices.nl\/en\/wp-json\/wp\/v2\/media?parent=64"}],"curies":[{"name":"wp","href":"https:\/\/api.w.org\/{rel}","templated":true}]}}